{"id":3183,"date":"2023-11-20T22:42:04","date_gmt":"2023-11-20T21:42:04","guid":{"rendered":"https:\/\/lk.regionalnidobrovolnickecentrum.cz\/subdom\/lk\/?page_id=3183"},"modified":"2024-07-31T12:03:15","modified_gmt":"2024-07-31T10:03:15","slug":"pecovat-o-kulturni-dedictvi","status":"publish","type":"page","link":"https:\/\/lk.regionalnidobrovolnickecentrum.cz\/subdom\/lk\/pecovat-o-kulturni-dedictvi\/","title":{"rendered":"Pe\u010dovat o kulturn\u00ed d\u011bdictv\u00ed"},"content":{"rendered":"<p><img loading=\"lazy\" decoding=\"async\" class=\"alignnone size-full wp-image-2920\" src=\"https:\/\/lk.regionalnidobrovolnickecentrum.cz\/subdom\/lk\/wp-content\/uploads\/2023\/08\/Banner-stranka-1200.jpeg\" alt=\"\" width=\"1200\" height=\"267\" srcset=\"https:\/\/lk.regionalnidobrovolnickecentrum.cz\/subdom\/lk\/wp-content\/uploads\/2023\/08\/Banner-stranka-1200.jpeg 1200w, https:\/\/lk.regionalnidobrovolnickecentrum.cz\/subdom\/lk\/wp-content\/uploads\/2023\/08\/Banner-stranka-1200-300x67.jpeg 300w, https:\/\/lk.regionalnidobrovolnickecentrum.cz\/subdom\/lk\/wp-content\/uploads\/2023\/08\/Banner-stranka-1200-1024x228.jpeg 1024w, https:\/\/lk.regionalnidobrovolnickecentrum.cz\/subdom\/lk\/wp-content\/uploads\/2023\/08\/Banner-stranka-1200-768x171.jpeg 768w\" sizes=\"(max-width: 1200px) 100vw, 1200px\" \/><\/p>\n<!-- Beginning of Link Library Output --><div id='linklist1' class='linklist'><!-- Div Linklist -->\n<div class=\"LinkLibraryCat LinkLibraryCat156 level0\"><!-- Div Category --><div id=\"pecovat-o-kulturni-dedictvi\"><!-- Div Category Name --><div class=\"linklistcatname\"><!-- Div Cat Name --><span class=\"linklistcatclass\">Pe\u010dovat o kulturn\u00ed d\u011bdictv\u00ed<\/span><\/div><!-- DivOrHeader --><\/div><!-- Div Category Name -->\n\t<table class='linklisttable'>\n<div class=\"linklisttableheaders\"><tr><th><div class=\"linklistcolumnheader\">Odkaz<\/div><\/th><th><div class=\"linklistcolumnheader\">Popis<\/div><\/th><\/tr><\/div>\n<tr><td><a href=\"https:\/\/www.zauhlovacka.cz\/pridej-se\/\" id=\"link-3009\" class=\"track_this_link \" rel=\"noopener noreferrer\" target=\"_blank\">Zauhlova\u010dka<\/a><\/td>\n<td>Z\u00e1chrana vratislavick\u00e9 zauhlovac\u00ed v\u011b\u017ee, r\u016fzn\u00e9 aktivity.<\/td><\/tr>\n\t<\/table>\n<\/div><!-- Div End Category -->\n<script type='text\/javascript'>\njQuery(document).ready(function()\n{\njQuery('.arrow-up').hide();\njQuery('#linklist1 a.track_this_link').click(function() {\nlinkid = this.id;\nlinkid = linkid.substring(5);\npath = '';\njQuery.ajax( {    type: 'POST',    url: 'https:\/\/lk.regionalnidobrovolnickecentrum.cz\/subdom\/lk\/wp-admin\/admin-ajax.php',     data: { action: 'link_library_tracker',             _ajax_nonce: '8128fa5f2f',             id:linkid, xpath:path }     });\nreturn true;\n});\njQuery('#linklist1 .expandlinks').click(function() {\ntarget = '.' + jQuery(this).attr('id');\nsubcattarget = '.' + jQuery(this).attr('data-subcat');\nif ( jQuery( target ).is(':visible') ) {\njQuery(target).slideUp();\njQuery(subcattarget).slideToggle();\njQuery(this).children('img').attr('src', 'https:\/\/lk.regionalnidobrovolnickecentrum.cz\/subdom\/lk\/wp-content\/plugins\/link-library\/icons\/expand-32.png');\n} else {\njQuery(target).slideDown();\njQuery(subcattarget).slideToggle();\njQuery(this).children('img').attr('src', 'https:\/\/lk.regionalnidobrovolnickecentrum.cz\/subdom\/lk\/wp-content\/plugins\/link-library\/icons\/collapse-32.png');\n}\n});\njQuery('#linklist1 .linklistcatclass').click(function() {\njQuery(this).siblings('.expandlinks').click();\n});\njQuery('#linklist1 .linklistcatnamedesc').click(function() {\njQuery(this).siblings('.expandlinks').click();\n});\n});\n<\/script>\n<\/div><!-- Div Linklist -->\n<!-- End of Link Library Output -->\n\n\n<p>&nbsp;<\/p>\n<p><em>Odkazy vedou mimo web Region\u00e1ln\u00edho dobrovolnick\u00e9ho centra. Sm\u011b\u0159uj\u00ed p\u0159\u00edmo na str\u00e1nky dan\u00fdch dobrovolnick\u00fdch organizac\u00ed, kde lze naj\u00edt aktu\u00e1ln\u00ed informace a kontakty.<\/em><\/p>\n<p>&nbsp;<\/p>\n<h5>Chcete se zapojit do dobrovolnick\u00e9 \u010dinnosti v jin\u00e9 oblasti?&nbsp;<\/h5>\n<p><strong>Poj\u010fte s n\u00e1mi:<\/strong><\/p>\n<ul>\n<li><a href=\"https:\/\/lk.regionalnidobrovolnickecentrum.cz\/subdom\/lk\/potesit-seniory\/\">Pot\u011b\u0161it seniory<\/a><\/li>\n<li><a href=\"https:\/\/lk.regionalnidobrovolnickecentrum.cz\/subdom\/lk\/navstivit-nemocne\/\">Nav\u0161t\u011bvovat nemocn\u00e9<\/a><\/li>\n<li><a href=\"https:\/\/lk.regionalnidobrovolnickecentrum.cz\/subdom\/lk\/pecovat-o-zvirata\/\">Pe\u010dovat o zv\u00ed\u0159ata<\/a><\/li>\n<li><a href=\"https:\/\/lk.regionalnidobrovolnickecentrum.cz\/subdom\/lk\/zvelebovat-prirodu\/\">Zvelebovat p\u0159\u00edrodu<\/a><\/li>\n<li><a href=\"https:\/\/lk.regionalnidobrovolnickecentrum.cz\/subdom\/lk\/aktivity-s-detmi\/\">Aktivity s d\u011btmi<\/a><\/li>\n<li><a href=\"https:\/\/lk.regionalnidobrovolnickecentrum.cz\/subdom\/lk\/pomoci-lidem-v-nouzi\/\">Pomoci lidem v nouzi<\/a><\/li>\n<li><a href=\"https:\/\/lk.regionalnidobrovolnickecentrum.cz\/subdom\/lk\/pomoc-pri-mimoradnych-udalostech\/\">Pom\u00e1hat p\u0159i mimo\u0159\u00e1dn\u00fdch ud\u00e1lostech<\/a><\/li>\n<\/ul>\n<p>&nbsp;<\/p>\n","protected":false},"excerpt":{"rendered":"<p>&nbsp; Odkazy vedou mimo web Region\u00e1ln\u00edho dobrovolnick\u00e9ho centra. Sm\u011b\u0159uj\u00ed p\u0159\u00edmo na str\u00e1nky dan\u00fdch dobrovolnick\u00fdch organizac\u00ed, kde lze naj\u00edt aktu\u00e1ln\u00ed informace<\/p>\n","protected":false},"author":1,"featured_media":0,"parent":0,"menu_order":0,"comment_status":"closed","ping_status":"closed","template":"","meta":{"om_disable_all_campaigns":false,"_monsterinsights_skip_tracking":false,"_monsterinsights_sitenote_active":false,"_monsterinsights_sitenote_note":"","_monsterinsights_sitenote_category":0,"footnotes":""},"aioseo_notices":[],"_links":{"self":[{"href":"https:\/\/lk.regionalnidobrovolnickecentrum.cz\/subdom\/lk\/wp-json\/wp\/v2\/pages\/3183"}],"collection":[{"href":"https:\/\/lk.regionalnidobrovolnickecentrum.cz\/subdom\/lk\/wp-json\/wp\/v2\/pages"}],"about":[{"href":"https:\/\/lk.regionalnidobrovolnickecentrum.cz\/subdom\/lk\/wp-json\/wp\/v2\/types\/page"}],"author":[{"embeddable":true,"href":"https:\/\/lk.regionalnidobrovolnickecentrum.cz\/subdom\/lk\/wp-json\/wp\/v2\/users\/1"}],"replies":[{"embeddable":true,"href":"https:\/\/lk.regionalnidobrovolnickecentrum.cz\/subdom\/lk\/wp-json\/wp\/v2\/comments?post=3183"}],"version-history":[{"count":6,"href":"https:\/\/lk.regionalnidobrovolnickecentrum.cz\/subdom\/lk\/wp-json\/wp\/v2\/pages\/3183\/revisions"}],"predecessor-version":[{"id":3499,"href":"https:\/\/lk.regionalnidobrovolnickecentrum.cz\/subdom\/lk\/wp-json\/wp\/v2\/pages\/3183\/revisions\/3499"}],"wp:attachment":[{"href":"https:\/\/lk.regionalnidobrovolnickecentrum.cz\/subdom\/lk\/wp-json\/wp\/v2\/media?parent=3183"}],"curies":[{"name":"wp","href":"https:\/\/api.w.org\/{rel}","templated":true}]}}