{"id":3490,"date":"2024-07-31T11:54:44","date_gmt":"2024-07-31T09:54:44","guid":{"rendered":"https:\/\/lk.regionalnidobrovolnickecentrum.cz\/subdom\/lk\/?page_id=3490"},"modified":"2024-07-31T11:54:44","modified_gmt":"2024-07-31T09:54:44","slug":"pomoc-pri-mimoradnych-udalostech","status":"publish","type":"page","link":"https:\/\/lk.regionalnidobrovolnickecentrum.cz\/subdom\/lk\/pomoc-pri-mimoradnych-udalostech\/","title":{"rendered":"Poj\u010f s n\u00e1mi pom\u00e1hat p\u0159i mimo\u0159\u00e1dn\u00fdch ud\u00e1lostech"},"content":{"rendered":"<p><img loading=\"lazy\" decoding=\"async\" class=\"alignnone size-full wp-image-2920\" src=\"https:\/\/lk.regionalnidobrovolnickecentrum.cz\/subdom\/lk\/wp-content\/uploads\/2023\/08\/Banner-stranka-1200.jpeg\" alt=\"\" width=\"1200\" height=\"267\" srcset=\"https:\/\/lk.regionalnidobrovolnickecentrum.cz\/subdom\/lk\/wp-content\/uploads\/2023\/08\/Banner-stranka-1200.jpeg 1200w, https:\/\/lk.regionalnidobrovolnickecentrum.cz\/subdom\/lk\/wp-content\/uploads\/2023\/08\/Banner-stranka-1200-300x67.jpeg 300w, https:\/\/lk.regionalnidobrovolnickecentrum.cz\/subdom\/lk\/wp-content\/uploads\/2023\/08\/Banner-stranka-1200-1024x228.jpeg 1024w, https:\/\/lk.regionalnidobrovolnickecentrum.cz\/subdom\/lk\/wp-content\/uploads\/2023\/08\/Banner-stranka-1200-768x171.jpeg 768w\" sizes=\"(max-width: 1200px) 100vw, 1200px\" \/><\/p>\n<p>&nbsp;<\/p>\n<!-- Beginning of Link Library Output --><div id='linklist1' class='linklist'><!-- Div Linklist -->\n<div class=\"LinkLibraryCat LinkLibraryCat157 level0\"><!-- Div Category --><div id=\"pomoc-pri-mimoradnych-udalostech\"><!-- Div Category Name --><div class=\"linklistcatname\"><!-- Div Cat Name --><span class=\"linklistcatclass\">Pomoc p\u0159i mimo\u0159\u00e1dn\u00fdch ud\u00e1lostech<\/span><\/div><!-- DivOrHeader --><\/div><!-- Div Category Name -->\n\t<table class='linklisttable'>\n<div class=\"linklisttableheaders\"><tr><th><div class=\"linklistcolumnheader\">Odkaz<\/div><\/th><th><div class=\"linklistcolumnheader\">Popis<\/div><\/th><\/tr><\/div>\n<tr><td><a href=\"https:\/\/adra.cz\/jak-pomahame\/humanitarni-pomoc\/pomoc-pri-mimoradnych-udalostech-v-cr\/kip-tymy\/\" id=\"link-3485\" class=\"track_this_link \" rel=\"noopener noreferrer\" target=\"_blank\">ADRA, o.p.s.<\/a><\/td>\n<td>Psychosoci\u00e1ln\u00ed pomoc lidem zasa\u017een\u00fdm mimo\u0159\u00e1dnou ud\u00e1lost\u00ed (nehody, povodn\u011b atd.).<\/td><\/tr>\n<tr><td><a href=\"https:\/\/cckliberec.cz\/krizova-pripravenost\/\" id=\"link-3484\" class=\"track_this_link \" rel=\"noopener noreferrer\" target=\"_blank\">\u010cesk\u00fd \u010derven\u00fd k\u0159\u00ed\u017e Liberec<\/a><\/td>\n<td>Pomoc p\u0159i povodn\u00edch, po\u017e\u00e1rech, hromadn\u00fdch nehod\u00e1ch nebo jak\u00fdchkoliv jin\u00fdch mimo\u0159\u00e1dn\u00fdch situac\u00edch.<\/td><\/tr>\n\t<\/table>\n<\/div><!-- Div End Category -->\n<script type='text\/javascript'>\njQuery(document).ready(function()\n{\njQuery('.arrow-up').hide();\njQuery('#linklist1 a.track_this_link').click(function() {\nlinkid = this.id;\nlinkid = linkid.substring(5);\npath = '';\njQuery.ajax( {    type: 'POST',    url: 'https:\/\/lk.regionalnidobrovolnickecentrum.cz\/subdom\/lk\/wp-admin\/admin-ajax.php',     data: { action: 'link_library_tracker',             _ajax_nonce: '8128fa5f2f',             id:linkid, xpath:path }     });\nreturn true;\n});\njQuery('#linklist1 .expandlinks').click(function() {\ntarget = '.' + jQuery(this).attr('id');\nsubcattarget = '.' + jQuery(this).attr('data-subcat');\nif ( jQuery( target ).is(':visible') ) {\njQuery(target).slideUp();\njQuery(subcattarget).slideToggle();\njQuery(this).children('img').attr('src', 'https:\/\/lk.regionalnidobrovolnickecentrum.cz\/subdom\/lk\/wp-content\/plugins\/link-library\/icons\/expand-32.png');\n} else {\njQuery(target).slideDown();\njQuery(subcattarget).slideToggle();\njQuery(this).children('img').attr('src', 'https:\/\/lk.regionalnidobrovolnickecentrum.cz\/subdom\/lk\/wp-content\/plugins\/link-library\/icons\/collapse-32.png');\n}\n});\njQuery('#linklist1 .linklistcatclass').click(function() {\njQuery(this).siblings('.expandlinks').click();\n});\njQuery('#linklist1 .linklistcatnamedesc').click(function() {\njQuery(this).siblings('.expandlinks').click();\n});\n});\n<\/script>\n<\/div><!-- Div Linklist -->\n<!-- End of Link Library Output -->\n\n\n<p>&nbsp;<\/p>\n<p><em>Odkazy vedou mimo web Region\u00e1ln\u00edho dobrovolnick\u00e9ho centra. Sm\u011b\u0159uj\u00ed p\u0159\u00edmo na str\u00e1nky dan\u00fdch dobrovolnick\u00fdch organizac\u00ed, kde lze naj\u00edt aktu\u00e1ln\u00ed informace a kontakty.<\/em><\/p>\n<p>&nbsp;<\/p>\n<h5>Chcete se zapojit do dobrovolnick\u00e9 \u010dinnosti v jin\u00e9 oblasti?&nbsp;<\/h5>\n<p><strong>Poj\u010fte s n\u00e1mi:<\/strong><\/p>\n<ul>\n<li><a href=\"https:\/\/lk.regionalnidobrovolnickecentrum.cz\/subdom\/lk\/navstivit-nemocne\/\">Nav\u0161t\u00edvit nemocn\u00e9<\/a><\/li>\n<li><a href=\"https:\/\/lk.regionalnidobrovolnickecentrum.cz\/subdom\/lk\/potesit-seniory\/\">Pot\u011b\u0161it seniory<\/a><\/li>\n<li><a href=\"https:\/\/lk.regionalnidobrovolnickecentrum.cz\/subdom\/lk\/zvelebovat-prirodu\/\">Zvelebovat p\u0159\u00edrodu<\/a><\/li>\n<li><a href=\"https:\/\/lk.regionalnidobrovolnickecentrum.cz\/subdom\/lk\/aktivity-s-detmi\/\">Aktivity s d\u011btmi<\/a><\/li>\n<li><a href=\"https:\/\/lk.regionalnidobrovolnickecentrum.cz\/subdom\/lk\/pomoci-lidem-v-nouzi\/\">Pomoci lidem v nouzi<\/a><\/li>\n<li><a href=\"https:\/\/lk.regionalnidobrovolnickecentrum.cz\/subdom\/lk\/pecovat-o-kulturni-dedictvi\/\">Pe\u010dovat o kulturn\u00ed d\u011bdictv\u00ed<\/a><\/li>\n<li><a href=\"https:\/\/lk.regionalnidobrovolnickecentrum.cz\/subdom\/lk\/pecovat-o-zvirata\/\">Pe\u010dovat o zv\u00ed\u0159ata<\/a><\/li>\n<\/ul>\n<p>&nbsp;<\/p>\n","protected":false},"excerpt":{"rendered":"<p>&nbsp; &nbsp; Odkazy vedou mimo web Region\u00e1ln\u00edho dobrovolnick\u00e9ho centra. Sm\u011b\u0159uj\u00ed p\u0159\u00edmo na str\u00e1nky dan\u00fdch dobrovolnick\u00fdch organizac\u00ed, kde lze naj\u00edt aktu\u00e1ln\u00ed<\/p>\n","protected":false},"author":1,"featured_media":2921,"parent":0,"menu_order":0,"comment_status":"closed","ping_status":"closed","template":"","meta":{"om_disable_all_campaigns":false,"_monsterinsights_skip_tracking":false,"_monsterinsights_sitenote_active":false,"_monsterinsights_sitenote_note":"","_monsterinsights_sitenote_category":0,"footnotes":""},"aioseo_notices":[],"_links":{"self":[{"href":"https:\/\/lk.regionalnidobrovolnickecentrum.cz\/subdom\/lk\/wp-json\/wp\/v2\/pages\/3490"}],"collection":[{"href":"https:\/\/lk.regionalnidobrovolnickecentrum.cz\/subdom\/lk\/wp-json\/wp\/v2\/pages"}],"about":[{"href":"https:\/\/lk.regionalnidobrovolnickecentrum.cz\/subdom\/lk\/wp-json\/wp\/v2\/types\/page"}],"author":[{"embeddable":true,"href":"https:\/\/lk.regionalnidobrovolnickecentrum.cz\/subdom\/lk\/wp-json\/wp\/v2\/users\/1"}],"replies":[{"embeddable":true,"href":"https:\/\/lk.regionalnidobrovolnickecentrum.cz\/subdom\/lk\/wp-json\/wp\/v2\/comments?post=3490"}],"version-history":[{"count":1,"href":"https:\/\/lk.regionalnidobrovolnickecentrum.cz\/subdom\/lk\/wp-json\/wp\/v2\/pages\/3490\/revisions"}],"predecessor-version":[{"id":3491,"href":"https:\/\/lk.regionalnidobrovolnickecentrum.cz\/subdom\/lk\/wp-json\/wp\/v2\/pages\/3490\/revisions\/3491"}],"wp:featuredmedia":[{"embeddable":true,"href":"https:\/\/lk.regionalnidobrovolnickecentrum.cz\/subdom\/lk\/wp-json\/wp\/v2\/media\/2921"}],"wp:attachment":[{"href":"https:\/\/lk.regionalnidobrovolnickecentrum.cz\/subdom\/lk\/wp-json\/wp\/v2\/media?parent=3490"}],"curies":[{"name":"wp","href":"https:\/\/api.w.org\/{rel}","templated":true}]}}