{"id":367,"date":"2020-06-29T15:48:40","date_gmt":"2020-06-29T13:48:40","guid":{"rendered":"https:\/\/lk.regionalnidobrovolnickecentrum.cz\/subdom\/lk\/add-listing\/"},"modified":"2020-09-04T11:23:51","modified_gmt":"2020-09-04T09:23:51","slug":"add-listing","status":"publish","type":"page","link":"https:\/\/lk.regionalnidobrovolnickecentrum.cz\/subdom\/lk\/add-listing\/","title":{"rendered":"P\u0159idat organizaci do datab\u00e1ze"},"content":{"rendered":"\r\n<div class=\"directorist-add-listing-wrapper directorist-w-100\">\r\n\t<div class=\"directorist-container-fluid\">\r\n\r\n\t\t<form action=\"\/subdom\/lk\/wp-json\/wp\/v2\/pages\/367\" method=\"post\" id=\"directorist-add-listing-form\">\r\n\r\n        \r\n            <div class=\"directorist-add-listing-form\">\r\n\r\n                <input type=\"hidden\" name=\"add_listing_form\" value=\"1\">\r\n                <input type=\"hidden\" name=\"listing_id\" value=\"\">\r\n\r\n                <input type=\"hidden\" id=\"add_listing_nonce\" name=\"add_listing_nonce\" value=\"22c46bf0ea\" \/><input type=\"hidden\" name=\"_wp_http_referer\" value=\"\/subdom\/lk\/wp-json\/wp\/v2\/pages\/367\" \/><input type=\"hidden\" name=\"directory_type\" value=\"126\">\r\n<div class=\"directorist-form-section directorist-content-module\">\r\n\r\n\t<div class=\"directorist-content-module__title\">\r\n\t\t<h4>Z\u00e1kladn\u00ed informace<\/h4>\r\n\t<\/div>\r\n\r\n\t<div class=\"directorist-content-module__contents\">\r\n\r\n\t\t\r\n<div class=\"directorist-form-group directorist-form-title-field\">\r\n\r\n\t\r\n<label class=\"directorist-form-label\" for=\"listing_title\">N\u00e1zev organizace (p\u0159\u00edp. programu):<span class=\"directorist-form-required\"> *<\/span><\/label>\r\n\t<input type=\"text\" name=\"listing_title\" id=\"listing_title\" class=\"directorist-form-element\" value=\"\" placeholder=\"Vlo\u017ete n\u00e1zev organizace\" required=\"required\">\r\n\r\n\t\r\n<\/div>\r\n<div class=\"directorist-form-group directorist-form-description-field\">\r\n\r\n\t\r\n<label class=\"directorist-form-label\" for=\"listing_content\">V\u00edce podrobnost\u00ed, popis \u010dinnosti v oblasti dobrovolnictv\u00ed:<span class=\"directorist-form-required\"> *<\/span><\/label><div id=\"wp-listing_content-wrap\" class=\"wp-core-ui wp-editor-wrap tmce-active\"><link rel='stylesheet' id='dashicons-css' href='https:\/\/lk.regionalnidobrovolnickecentrum.cz\/subdom\/lk\/wp-includes\/css\/dashicons.min.css?ver=6.4.8' type='text\/css' media='all' \/>\n<link rel='stylesheet' id='editor-buttons-css' href='https:\/\/lk.regionalnidobrovolnickecentrum.cz\/subdom\/lk\/wp-includes\/css\/editor.min.css?ver=6.4.8' type='text\/css' media='all' \/>\n<div id=\"wp-listing_content-editor-tools\" class=\"wp-editor-tools hide-if-no-js\"><div class=\"wp-editor-tabs\"><button type=\"button\" id=\"listing_content-tmce\" class=\"wp-switch-editor switch-tmce\" data-wp-editor-id=\"listing_content\">Editor<\/button>\n<button type=\"button\" id=\"listing_content-html\" class=\"wp-switch-editor switch-html\" data-wp-editor-id=\"listing_content\">HTML<\/button>\n<\/div>\n<\/div>\n<div id=\"wp-listing_content-editor-container\" class=\"wp-editor-container\"><div id=\"qt_listing_content_toolbar\" class=\"quicktags-toolbar hide-if-no-js\"><\/div><textarea class=\"wp-editor-area\" style=\"height: 200px\" autocomplete=\"off\" cols=\"40\" name=\"listing_content\" id=\"listing_content\"><\/textarea><\/div>\n<\/div>\n\n\r\n\t<div id=\"directorist_listing_description_indicator\"><\/div>\r\n\r\n<\/div>\r\n<div class=\"directorist-form-group directorist-form-tagline-field\">\r\n\r\n\t\r\n<label class=\"directorist-form-label\" for=\"tagline\">Motto, mise, posl\u00e1n\u00ed:<\/label>\r\n\t<input type=\"text\" name=\"tagline\" id=\"tagline\" class=\"directorist-form-element\" value=\"\" placeholder=\"Prezentujte se kr\u00e1tkou v\u011btou...\" >\r\n\r\n\t\r\n<\/div>\r\n\r\n<div class=\"directorist-form-group directorist-custom-field-text\">\r\n\r\n\t\r\n<label class=\"directorist-form-label\" for=\"417\">Statut\u00e1rn\u00ed z\u00e1stupce:<\/label>\r\n\t<input type=\"text\" name=\"417\" id=\"417\" class=\"directorist-form-element\" value=\"\" placeholder=\"\" >\r\n\r\n\t\r\n<div class=\"directorist-form-description\">Jm\u00e9no, telefon, e-mail<\/div>\r\n<\/div>\r\n<div class=\"directorist-form-group directorist-custom-field-text\">\r\n\r\n\t\r\n<label class=\"directorist-form-label\" for=\"416\">Kontaktn\u00ed osoba:<span class=\"directorist-form-required\"> *<\/span><\/label>\r\n\t<input type=\"text\" name=\"416\" id=\"416\" class=\"directorist-form-element\" value=\"\" placeholder=\"\" required=\"required\">\r\n\r\n\t\r\n<div class=\"directorist-form-description\">Jm\u00e9no, telefon, e-mail<\/div>\r\n<\/div>\r\n<div class=\"directorist-form-group directorist-custom-field-number\">\r\n\r\n\t\r\n<label class=\"directorist-form-label\" for=\"415\">I\u010c:<\/label>\r\n\t<input type=\"number\" name=\"415\" id=\"415\" class=\"directorist-form-element\" value=\"\" placeholder=\"\"  >\r\n\r\n\t\r\n<\/div>\r\n<div class=\"directorist-form-group directorist-custom-field-radio\">\r\n\r\n\t\r\n<label class=\"directorist-form-label\" for=\"414\">Pobo\u010dky pro ve\u0159ejnost na v\u00edce m\u00edstech:<\/label>\r\n\t\t\r\n\t\t\t\r\n\t\t\t\t\r\n\t\t\t\t<div class=\"directorist-radio directorist-radio-circle directorist-mb-10\">\r\n\t\t\t\t\t<input type=\"radio\" id=\"Ano-2708068441\" name=\"414\" value=\"Ano\" >\r\n\t\t\t\t\t<label for=\"Ano-2708068441\" class=\"directorist-radio__label\">Ano<\/label>\r\n\t\t\t\t<\/div>\r\n\r\n\t\t\t\r\n\t\t\t\t\r\n\t\t\t\t<div class=\"directorist-radio directorist-radio-circle directorist-mb-10\">\r\n\t\t\t\t\t<input type=\"radio\" id=\"Ne-1239861955\" name=\"414\" value=\"Ne\" >\r\n\t\t\t\t\t<label for=\"Ne-1239861955\" class=\"directorist-radio__label\">Ne<\/label>\r\n\t\t\t\t<\/div>\r\n\r\n\t\t\t\r\n\t\t\t<a href=\"#\" class=\"directorist-custom-field-btn-more\">See More<\/a>\r\n\r\n\t\t\r\n\t\r\n<div class=\"directorist-form-description\">M\u00e1 organizace v\u00edce pobo\u010dek pro ve\u0159ejnost, kter\u00e9 lze naj\u00edt nap\u0159. na jej\u00edm webu?<\/div>\t\r\n<\/div>\r\n\r\n<div class=\"directorist-form-group directorist-custom-field-text\">\r\n\r\n\t\r\n<label class=\"directorist-form-label\" for=\"413\">Akreditace dle z\u00e1kona \u010d. 198\/2002 Sb., o dobrovolnick\u00e9 slu\u017eb\u011b:<\/label>\r\n\t<input type=\"text\" name=\"413\" id=\"413\" class=\"directorist-form-element\" value=\"\" placeholder=\"\" >\r\n\r\n\t\r\n<div class=\"directorist-form-description\">Nap\u0161te ANO nebo NE, v p\u0159\u00edpad\u011b \u017ee akreditaci m\u00e1te, specifikujte na jak\u00fd projekt.<\/div>\r\n<\/div>\r\n<div class=\"directorist-form-group directorist-custom-field-radio\">\r\n\r\n\t\r\n<label class=\"directorist-form-label\" for=\"412\">Poskytuje \u0161kolen\u00ed pro dobrovoln\u00edky?:<\/label>\r\n\t\t\r\n\t\t\t\r\n\t\t\t\t\r\n\t\t\t\t<div class=\"directorist-radio directorist-radio-circle directorist-mb-10\">\r\n\t\t\t\t\t<input type=\"radio\" id=\"Ano-367944159\" name=\"412\" value=\"Ano\" >\r\n\t\t\t\t\t<label for=\"Ano-367944159\" class=\"directorist-radio__label\">Ano<\/label>\r\n\t\t\t\t<\/div>\r\n\r\n\t\t\t\r\n\t\t\t\t\r\n\t\t\t\t<div class=\"directorist-radio directorist-radio-circle directorist-mb-10\">\r\n\t\t\t\t\t<input type=\"radio\" id=\"Ne-1225632663\" name=\"412\" value=\"Ne\" >\r\n\t\t\t\t\t<label for=\"Ne-1225632663\" class=\"directorist-radio__label\">Ne<\/label>\r\n\t\t\t\t<\/div>\r\n\r\n\t\t\t\r\n\t\t\t<a href=\"#\" class=\"directorist-custom-field-btn-more\">See More<\/a>\r\n\r\n\t\t\r\n\t\t\r\n<\/div>\r\n\r\n<div class=\"directorist-form-group directorist-custom-field-text\">\r\n\r\n\t\r\n<label class=\"directorist-form-label\" for=\"411\">Rozsah poskytovan\u00fdch \u0161kolen\u00ed &#8211; \u010dasov\u00e1 dotace (po\u010det hodin):<\/label>\r\n\t<input type=\"text\" name=\"411\" id=\"411\" class=\"directorist-form-element\" value=\"\" placeholder=\"\" >\r\n\r\n\t\r\n<\/div>\r\n<div class=\"directorist-form-group directorist-custom-field-text\">\r\n\r\n\t\r\n<label class=\"directorist-form-label\" for=\"410\">Typ poskytovan\u00fdch \u0161kolen\u00ed:<\/label>\r\n\t<input type=\"text\" name=\"410\" id=\"410\" class=\"directorist-form-element\" value=\"\" placeholder=\"\" >\r\n\r\n\t\r\n<div class=\"directorist-form-description\">V p\u0159\u00edpad\u011b v\u00edce typ\u016f odd\u011blte jednotliv\u00e9 typy \u010d\u00e1rkou<\/div>\r\n<\/div>\r\n<div class=\"directorist-form-group directorist-custom-field-checkbox\">\r\n\r\n\t\r\n<label class=\"directorist-form-label\" for=\"409\">Poskytuje organizace dal\u0161\u00ed podporu dobrovoln\u00edk\u016fm?:<span class=\"directorist-form-required\"> *<\/span><\/label>\t\t\r\n\t\t\t\r\n\t\t\t\t\r\n\t\t\t\t<div class=\"directorist-checkbox directorist-mb-10\">\r\n\t\t\t\t\t<input type=\"checkbox\" id=\"Poskytuje dobrovoln\u00edk\u016fm supervizi-959334663\" name=\"409[]\" value=\"Poskytuje dobrovoln\u00edk\u016fm supervizi\" >\r\n\t\t\t\t\t<label for=\"Poskytuje dobrovoln\u00edk\u016fm supervizi-959334663\" class=\"directorist-checkbox__label\">Poskytuje dobrovoln\u00edk\u016fm supervizi<\/label>\r\n\t\t\t\t<\/div>\r\n\r\n\t\t\t\r\n\t\t\t\t\r\n\t\t\t\t<div class=\"directorist-checkbox directorist-mb-10\">\r\n\t\t\t\t\t<input type=\"checkbox\" id=\"Nab\u00eddka vzd\u011bl\u00e1v\u00e1n\u00ed-1162354575\" name=\"409[]\" value=\"Nab\u00eddka vzd\u011bl\u00e1v\u00e1n\u00ed\" >\r\n\t\t\t\t\t<label for=\"Nab\u00eddka vzd\u011bl\u00e1v\u00e1n\u00ed-1162354575\" class=\"directorist-checkbox__label\">Nab\u00eddka vzd\u011bl\u00e1v\u00e1n\u00ed<\/label>\r\n\t\t\t\t<\/div>\r\n\r\n\t\t\t\r\n\t\t\t\t\r\n\t\t\t\t<div class=\"directorist-checkbox directorist-mb-10\">\r\n\t\t\t\t\t<input type=\"checkbox\" id=\"\u00dahrada poji\u0161t\u011bn\u00ed-3794868674\" name=\"409[]\" value=\"\u00dahrada poji\u0161t\u011bn\u00ed\" >\r\n\t\t\t\t\t<label for=\"\u00dahrada poji\u0161t\u011bn\u00ed-3794868674\" class=\"directorist-checkbox__label\">\u00dahrada poji\u0161t\u011bn\u00ed<\/label>\r\n\t\t\t\t<\/div>\r\n\r\n\t\t\t\r\n\t\t\t\t\r\n\t\t\t\t<div class=\"directorist-checkbox directorist-mb-10\">\r\n\t\t\t\t\t<input type=\"checkbox\" id=\"\u00dahrada ubytov\u00e1n\u00ed nebo cestovn\u00e9ho-1603170453\" name=\"409[]\" value=\"\u00dahrada ubytov\u00e1n\u00ed nebo cestovn\u00e9ho\" >\r\n\t\t\t\t\t<label for=\"\u00dahrada ubytov\u00e1n\u00ed nebo cestovn\u00e9ho-1603170453\" class=\"directorist-checkbox__label\">\u00dahrada ubytov\u00e1n\u00ed nebo cestovn\u00e9ho<\/label>\r\n\t\t\t\t<\/div>\r\n\r\n\t\t\t\r\n\t\t\t\t\r\n\t\t\t\t<div class=\"directorist-checkbox directorist-mb-10\">\r\n\t\t\t\t\t<input type=\"checkbox\" id=\"Ocen\u011bn\u00ed, d\u00e1rky-3307304936\" name=\"409[]\" value=\"Ocen\u011bn\u00ed, d\u00e1rky\" >\r\n\t\t\t\t\t<label for=\"Ocen\u011bn\u00ed, d\u00e1rky-3307304936\" class=\"directorist-checkbox__label\">Ocen\u011bn\u00ed, d\u00e1rky<\/label>\r\n\t\t\t\t<\/div>\r\n\r\n\t\t\t\r\n\t\t\t\t\r\n\t\t\t\t<div class=\"directorist-checkbox directorist-mb-10\">\r\n\t\t\t\t\t<input type=\"checkbox\" id=\"Jin\u00e9 benefity-1321779640\" name=\"409[]\" value=\"Jin\u00e9 benefity\" >\r\n\t\t\t\t\t<label for=\"Jin\u00e9 benefity-1321779640\" class=\"directorist-checkbox__label\">Jin\u00e9 benefity<\/label>\r\n\t\t\t\t<\/div>\r\n\r\n\t\t\t\r\n\t\t\t\t\r\n\t\t\t\t<div class=\"directorist-checkbox directorist-mb-10\">\r\n\t\t\t\t\t<input type=\"checkbox\" id=\"Neposkytuje \u017e\u00e1dnou dal\u0161\u00ed podporu-2083098587\" name=\"409[]\" value=\"Neposkytuje \u017e\u00e1dnou dal\u0161\u00ed podporu\" >\r\n\t\t\t\t\t<label for=\"Neposkytuje \u017e\u00e1dnou dal\u0161\u00ed podporu-2083098587\" class=\"directorist-checkbox__label\">Neposkytuje \u017e\u00e1dnou dal\u0161\u00ed podporu<\/label>\r\n\t\t\t\t<\/div>\r\n\r\n\t\t\t\r\n\t\t\t<a href=\"#\" class=\"directorist-custom-field-btn-more\">See More<\/a>\r\n\r\n\t\t\t\r\n<div class=\"directorist-form-description\">Za\u0161krn\u011bte alespo\u0148 jednu mo\u017enost.<\/div>\r\n<\/div>\r\n\r\n<div class=\"directorist-form-group directorist-form-location-field\">\r\n\t\r\n<label class=\"directorist-form-label\" for=\"tax_input[at_biz_dir-location][]\">M\u00edsto p\u016fsobnosti - lokalita, kde je dobrovolnictv\u00ed realizov\u00e1no:<span class=\"directorist-form-required\"> *<\/span><\/label>\r\n\t<select name=\"tax_input[at_biz_dir-location][]\" class=\"directorist-form-element\" id=\"at_biz_dir-location\"\r\n\t multiple=\"multiple\">\r\n\r\n\t\t<option value=\"57\" >\u010cesk\u00e1 L\u00edpa<\/option><option value=\"110\" >Doksy<\/option><option value=\"56\" >Jablonec nad Nisou<\/option><option value=\"113\" >Jest\u0159eb\u00ed<\/option><option value=\"101\" >Ji\u010d\u00edn<\/option><option value=\"111\" >Jind\u0159ichovice pod Smrkem<\/option><option value=\"55\" >Liberec<\/option><option value=\"112\" >Libereck\u00fd kraj<\/option><option value=\"105\" >Nov\u00fd Bor<\/option><option value=\"54\" >Semily<\/option><option value=\"53\" >Turnov<\/option>\t<\/select>\r\n\r\n\t<\/div>\r\n\r\n<div class=\"directorist-form-group directorist-form-tag-field\">\r\n\t\r\n<label class=\"directorist-form-label\" for=\"at_biz_dir-tags\">Zam\u011b\u0159en\u00ed \u010dinnost\u00ed dobrovolnictv\u00ed:<span class=\"directorist-form-required\"> *<\/span><\/label>\r\n\t<select name=\"tax_input[at_biz_dir-tags][]\" class=\"directorist-form-element\" id=\"at_biz_dir-tags\" multiple=\"multiple\"  >\r\n\t\t\t\t\t<option  value='dobrovolnictv\u00ed firem'>dobrovolnictv\u00ed firem<\/option>\r\n\t\t\t\t\t\t<option  value='dobrovolnictv\u00ed v c\u00edrkv\u00edch a n\u00e1bo\u017eensk\u00fdch spole\u010dnostech'>dobrovolnictv\u00ed v c\u00edrkv\u00edch a n\u00e1bo\u017eensk\u00fdch spole\u010dnostech<\/option>\r\n\t\t\t\t\t\t<option  value='komunitn\u00ed dobrovolnictv\u00ed'>komunitn\u00ed dobrovolnictv\u00ed<\/option>\r\n\t\t\t\t\t\t<option  value='mezin\u00e1rodn\u00ed dobrovolnictv\u00ed a rozvojov\u00e1 spolupr\u00e1ce'>mezin\u00e1rodn\u00ed dobrovolnictv\u00ed a rozvojov\u00e1 spolupr\u00e1ce<\/option>\r\n\t\t\t\t\t\t<option  value='p\u0159i mimo\u0159\u00e1dn\u00fdch ud\u00e1lostech'>p\u0159i mimo\u0159\u00e1dn\u00fdch ud\u00e1lostech<\/option>\r\n\t\t\t\t\t\t<option  value='s d\u011btmi a ml\u00e1de\u017e\u00ed'>s d\u011btmi a ml\u00e1de\u017e\u00ed<\/option>\r\n\t\t\t\t\t\t<option  value='v ekologii'>v ekologii<\/option>\r\n\t\t\t\t\t\t<option  value='v kultu\u0159e'>v kultu\u0159e<\/option>\r\n\t\t\t\t\t\t<option  value='v preventivn\u00edch programech'>v preventivn\u00edch programech<\/option>\r\n\t\t\t\t\t\t<option  value='v soci\u00e1ln\u00edch slu\u017eb\u00e1ch'>v soci\u00e1ln\u00edch slu\u017eb\u00e1ch<\/option>\r\n\t\t\t\t\t\t<option  value='ve sportu'>ve sportu<\/option>\r\n\t\t\t\t\t\t<option  value='ve zdravotnictv\u00ed'>ve zdravotnictv\u00ed<\/option>\r\n\t\t\t\t<\/select>\r\n\r\n\t<\/div>\r\n<div class=\"directorist-form-group directorist-form-categories-field\">\r\n\t\r\n<label class=\"directorist-form-label\" for=\"admin_category_select[]\">Typ organizace:<span class=\"directorist-form-required\"> *<\/span><\/label>\r\n\t<select name=\"admin_category_select[]\" id=\"at_biz_dir-categories\" class=\"directorist-form-element\" multiple=\"multiple\">\r\n\r\n\t\t<option value=\"31\" >Organizace p\u0159ij\u00edmaj\u00edc\u00ed dobrovoln\u00edky ve spolupr\u00e1ci s jin\u00fdmi organizacemi<\/option><option value=\"32\" >Organizace vys\u00edlaj\u00edc\u00ed dobrovoln\u00edky do jin\u00fdch organizac\u00ed nebo program\u016f<\/option><option value=\"33\" >Organizace, kter\u00e9 zaji\u0161\u0165uj\u00ed dobrovoln\u00edky pro svou vlastn\u00ed pot\u0159ebu a vyu\u017e\u00edvaj\u00ed je pro sv\u00e9 dobrovolnick\u00e9 programy<\/option><option value=\"30\" >Ostatn\u00ed dobrovolnick\u00e9 programy<\/option>\t<\/select>\r\n\r\n<\/div>\r\n<div class=\"form-group atbdp_category_custom_fields\"><\/div>\r\n\t<\/div>\r\n\r\n<\/div>\r\n<div class=\"directorist-form-section directorist-content-module\">\r\n\r\n\t<div class=\"directorist-content-module__title\">\r\n\t\t<h4>Kontakty<\/h4>\r\n\t<\/div>\r\n\r\n\t<div class=\"directorist-content-module__contents\">\r\n\r\n\t\t\r\n<div class=\"directorist-form-group\" class=\"directorist-form-zip-field\">\r\n\r\n\t\r\n<label class=\"directorist-form-label\" for=\"zip\">PS\u010c:<\/label>\r\n\t<input type=\"text\" name=\"zip\" id=\"zip\" class=\"directorist-form-element\" value=\"\" placeholder=\"Vlo\u017ete PS\u010c\" >\r\n\r\n\t\r\n<\/div>\r\n<div class=\"directorist-form-group directorist-form-phone-field\">\r\n\r\n\t\r\n<label class=\"directorist-form-label\" for=\"phone\">Kontaktn\u00ed telefon:<span class=\"directorist-form-required\"> *<\/span><\/label>\r\n\t<input type=\"tel\" name=\"phone\" id=\"phone\" class=\"directorist-form-element\" value=\"\" placeholder=\"Telefonn\u00ed \u010d\u00edslo\" required=\"required\">\r\n\r\n\t\r\n<\/div>\r\n<div class=\"directorist-form-group directorist-form-phone2-field\">\r\n\r\n\t\r\n<label class=\"directorist-form-label\" for=\"phone2\">Kontaktn\u00ed telefon 2:<\/label>\r\n\t<input type=\"tel\" name=\"phone2\" id=\"phone2\" class=\"directorist-form-element\" value=\"\" placeholder=\"Telefonn\u00ed \u010d\u00edslo\" >\r\n\r\n\t\r\n<\/div>\r\n<div class=\"directorist-form-group directorist-form-email-field\">\r\n\r\n\t\r\n<label class=\"directorist-form-label\" for=\"email\">E-mail:<span class=\"directorist-form-required\"> *<\/span><\/label>\r\n\t<input type=\"email\" name=\"email\" id=\"email\" class=\"directorist-form-element\" value=\"\" placeholder=\"Vlo\u017ete e-mail\" required=\"required\">\r\n\r\n\t\r\n<\/div>\r\n<div class=\"directorist-form-group directorist-form-website-field\">\r\n\r\n\t\r\n<label class=\"directorist-form-label\" for=\"website\">Web:<\/label>\r\n\t<input type=\"text\" name=\"website\" id=\"website\" class=\"directorist-form-element\" value=\"\" placeholder=\"Vlo\u017ete adresu webu, nap\u0159.: http:\/\/www.dobrovkraji.cz\" >\r\n\r\n\t\r\n<\/div>\r\n\t<\/div>\r\n\r\n<\/div>\r\n<div class=\"directorist-form-section directorist-content-module\">\r\n\r\n\t<div class=\"directorist-content-module__title\">\r\n\t\t<h4>P\u016fsobi\u0161t\u011b<\/h4>\r\n\t<\/div>\r\n\r\n\t<div class=\"directorist-content-module__contents\">\r\n\r\n\t\t\r\n<div class=\"directorist-form-group directorist-form-address-field\">\r\n\r\n\t\r\n<label class=\"directorist-form-label\" for=\"address\">Adresa organizace nebo pobo\u010dky v regionu:<span class=\"directorist-form-required\"> *<\/span><\/label>\r\n\t<input type=\"text\" autocomplete=\"off\" name=\"address\" id=\"address\" class=\"directorist-form-element\" value=\"\" placeholder=\"Ulice, \u010dp., obec...\" required=\"required\">\r\n\r\n\t<div id=\"result\"><ul><\/ul><\/div>\r\n\r\n<\/div>\r\n\t<\/div>\r\n\r\n<\/div>\r\n<div class=\"directorist-add-listing-form__action\">\r\n\r\n\t\r\n\t\t<div class=\"directorist-form-group directorist-mb-15\">\r\n\r\n\t\t\t<label for=\"guest_user\">V\u00e1\u0161 e-mail:<span class=\"directorist-form-required\"> *<\/span><\/label>\r\n\r\n\t\t\t<input type=\"text\" id=\"guest_user_email\" name=\"guest_user_email\" class=\"directorist-form-element directory_field\" placeholder=\"adresa@email.cz\"\/>\r\n\t\t<\/div>\r\n\r\n\t\r\n\t\r\n\t\r\n\t<div id=\"listing_notifier\"><\/div>\r\n\r\n\t<div class=\"directorist-form-submit\">\r\n\t\t<button type=\"submit\" class=\"directorist-btn directorist-btn-primary directorist-btn-lg directorist-form-submit__btn\">ULO\u017dIT A PROHL\u00c9DNOUT<\/button>\r\n\t<\/div>\r\n\r\n\t\r\n<\/div>\r\n            <\/div>\r\n        <\/form>\r\n\r\n    <\/div>\r\n<\/div>\r\n\r\n\r\n<div id=\"directorist-quick-login\" class=\"directorist-modal-container\">\r\n\t<div class=\"directorist-modal-wrap\">\r\n\t\t<div class=\"directorist-modals\">\r\n\t\t\t<div class=\"directorist-modal-header\">\r\n\t\t\t\t<div class=\"directorist-modal-title-area\">\r\n\t\t\t\t\t<h3 class=\"directorist-modal-title\">Quick Login<\/h3>\r\n\t\t\t\t<\/div>\r\n\r\n\t\t\t\t<div class=\"directorist-modal-actions-area\">\r\n\t\t\t\t\t<a href=\"#\" class=\"directorist-toggle-modal\" data-target=\"#directorist-quick-login\"><span class=\"fas fa-times\"><\/span><\/a>\r\n\t\t\t\t<\/div>\r\n\t\t\t<\/div>\r\n\r\n\t\t\t<div class=\"directorist-modal-body\">\r\n\t\t\t\t<div class=\"directorist-modal-alerts-area\"><\/div>\r\n\r\n\t\t\t\t<p class=\"directorist-form-label directorist-email-label directorist-mb-10\">user@email.com<\/p>\r\n\r\n\t\t\t\t<div class=\"directorist-form-group directorist-mb-15\">\r\n\t\t\t\t\t<input type=\"password\" name=\"password\" placeholder=\"Password\" class=\"directorist-form-element\">\r\n\t\t\t\t<\/div>\r\n\r\n\t\t\t\t<button type=\"button\" name=\"login\" class=\"directorist-btn directorist-btn-primary directorist-btn-block\">Login<\/button>\r\n\t\t\t<\/div>\r\n\t\t<\/div>\r\n\t<\/div>\r\n<\/div>\n<p>&nbsp;<\/p>\n<p>Kontaktn\u00ed \u00fadaje zpracov\u00e1v\u00e1 <a href=\"https:\/\/lk.regionalnidobrovolnickecentrum.cz\/subdom\/lk\/o-nas\/\">Dobrovolnick\u00e9 centrum ADRA Liberec<\/a> (I\u010c 61388122, s\u00eddlem \u017delezn\u00e1 253\/20, 46001 Liberec 1).<\/p>\n<ul>\n<li>\u00dadaje budou vyu\u017eity v\u00fdhradn\u011b za \u00fa\u010delem organizace dobrovolnick\u00e9 pr\u00e1ce.<\/li>\n<li>\u00dadaje odeslan\u00e9 prost\u0159ednictv\u00edm formul\u00e1\u0159e budou nejprve zkontrolov\u00e1ny spr\u00e1vcem webu a teprve n\u00e1sledn\u011b zve\u0159ejn\u011bny.<\/li>\n<li>M\u00e1me z\u00e1jem zve\u0159ej\u0148ovat kvalitn\u00ed a spr\u00e1vn\u00e9 informace, proto si vyhrazujeme si mo\u017enost proveden\u00ed \u00faprav.<\/li>\n<\/ul>\n","protected":false},"excerpt":{"rendered":"<p>&nbsp; Kontaktn\u00ed \u00fadaje zpracov\u00e1v\u00e1 Dobrovolnick\u00e9 centrum ADRA Liberec (I\u010c 61388122, s\u00eddlem \u017delezn\u00e1 253\/20, 46001 Liberec 1). \u00dadaje budou vyu\u017eity v\u00fdhradn\u011b<\/p>\n","protected":false},"author":1,"featured_media":0,"parent":0,"menu_order":0,"comment_status":"closed","ping_status":"closed","template":"","meta":{"om_disable_all_campaigns":false,"_monsterinsights_skip_tracking":false,"_monsterinsights_sitenote_active":false,"_monsterinsights_sitenote_note":"","_monsterinsights_sitenote_category":0,"footnotes":""},"aioseo_notices":[],"_links":{"self":[{"href":"https:\/\/lk.regionalnidobrovolnickecentrum.cz\/subdom\/lk\/wp-json\/wp\/v2\/pages\/367"}],"collection":[{"href":"https:\/\/lk.regionalnidobrovolnickecentrum.cz\/subdom\/lk\/wp-json\/wp\/v2\/pages"}],"about":[{"href":"https:\/\/lk.regionalnidobrovolnickecentrum.cz\/subdom\/lk\/wp-json\/wp\/v2\/types\/page"}],"author":[{"embeddable":true,"href":"https:\/\/lk.regionalnidobrovolnickecentrum.cz\/subdom\/lk\/wp-json\/wp\/v2\/users\/1"}],"replies":[{"embeddable":true,"href":"https:\/\/lk.regionalnidobrovolnickecentrum.cz\/subdom\/lk\/wp-json\/wp\/v2\/comments?post=367"}],"version-history":[{"count":3,"href":"https:\/\/lk.regionalnidobrovolnickecentrum.cz\/subdom\/lk\/wp-json\/wp\/v2\/pages\/367\/revisions"}],"predecessor-version":[{"id":563,"href":"https:\/\/lk.regionalnidobrovolnickecentrum.cz\/subdom\/lk\/wp-json\/wp\/v2\/pages\/367\/revisions\/563"}],"wp:attachment":[{"href":"https:\/\/lk.regionalnidobrovolnickecentrum.cz\/subdom\/lk\/wp-json\/wp\/v2\/media?parent=367"}],"curies":[{"name":"wp","href":"https:\/\/api.w.org\/{rel}","templated":true}]}}