{"id":368,"date":"2020-06-29T15:48:40","date_gmt":"2020-06-29T13:48:40","guid":{"rendered":"https:\/\/lk.regionalnidobrovolnickecentrum.cz\/subdom\/lk\/all-listings\/"},"modified":"2023-05-18T17:40:51","modified_gmt":"2023-05-18T15:40:51","slug":"all-listings","status":"publish","type":"page","link":"https:\/\/lk.regionalnidobrovolnickecentrum.cz\/subdom\/lk\/all-listings\/","title":{"rendered":"Datab\u00e1ze dobrovolnick\u00fdch organizac\u00ed a program\u016f v Libereck\u00e9m kraji"},"content":{"rendered":"<!-- directorist-shortcode:: [directorist_all_listing] -->\r\n<div class=\"directorist-archive-contents\">\r\n\r\n\t\r\n<div class=\"directorist-header-bar\">\r\n\r\n\t<div class=\"directorist-container-fluid\">\r\n\r\n\t\t<div class=\"directorist-listings-header\">\r\n\r\n\t\t\t\r\n\t\t\t\t<div class=\"directorist-listings-header__left\">\r\n\r\n\t\t\t\t\t\t\t\t\t\t\t<a href=\"#\" class=\"directorist-btn directorist-btn-sm directorist-btn-px-15 directorist-btn-outline-primary directorist-filter-btn\"><span class=\"fa fa-filter\"><\/span> Filtrovat<\/a>\r\n\t\t\t\t\t\r\n\t\t\t\t\t\t\t\t\t\t\t<h3 class=\"directorist-header-found-title\"><span>33<\/span> (po\u010det nalezen\u00fdch polo\u017eek)<\/h3>\r\n\t\t\t\t\t\t\t\t\t<\/div>\r\n\r\n\t\t\t\r\n\t\t\t\r\n\t\t\t\t<div class=\"directorist-listings-header__right\">\r\n\t\t\t\t\t\r\n<div class=\"directorist-dropdown directorist-dropdown-js directorist-viewas-dropdown\">\r\n\r\n\t<a class=\"directorist-dropdown__toggle directorist-dropdown__toggle-js directorist-btn directorist-btn-sm directorist-btn-px-15 directorist-btn-outline-primary directorist-toggle-has-icon\" href=\"#\">Zobrazit jako<span class=\"directorist-icon-caret\"><\/span><\/a>\r\n\r\n\t<div class=\"directorist-dropdown__links directorist-dropdown__links-js\">\r\n\r\n\t\t\r\n\t\t\t<a class=\"directorist-dropdown__links--single active\" href=\"\/subdom\/lk\/wp-json\/wp\/v2\/pages\/368?view=grid\">M\u0159\u00ed\u017eka<\/a>\r\n\r\n\t\t\r\n\t\t\t<a class=\"directorist-dropdown__links--single \" href=\"\/subdom\/lk\/wp-json\/wp\/v2\/pages\/368?view=list\">Seznam<\/a>\r\n\r\n\t\t\r\n\t<\/div>\r\n\r\n<\/div>\r\n<div class=\"directorist-dropdown directorist-dropdown-js directorist-sortby-dropdown\">\r\n\r\n\t<a class=\"directorist-dropdown__toggle directorist-dropdown__toggle-js directorist-btn directorist-btn-sm directorist-btn-px-15 directorist-btn-outline-primary directorist-toggle-has-icon\" href=\"#\">T\u0159\u00eddit podle<span class=\"directorist-icon-caret\"><\/span><\/a>\r\n\r\n\t<div class=\"directorist-dropdown__links directorist-dropdown__links-js directorist-dropdown__links--right\">\r\n\r\n\t\t<form id=\"directorsit-listing-sort\" method=\"post\" action=\"\">\r\n\t\t\t\t\t\t\t<a class=\"directorist-dropdown__links--single directorist-dropdown__links--single-js \" data=\"\/subdom\/lk\/wp-json\/wp\/v2\/pages\/368?sort=title-asc\">A \u2192 Z (n\u00e1zev)<\/a>\r\n\t\t\t\t\t\t\t\t<a class=\"directorist-dropdown__links--single directorist-dropdown__links--single-js \" data=\"\/subdom\/lk\/wp-json\/wp\/v2\/pages\/368?sort=title-desc\">Z \u2192 A (n\u00e1zev)<\/a>\r\n\t\t\t\t\t\t\t\t<a class=\"directorist-dropdown__links--single directorist-dropdown__links--single-js \" data=\"\/subdom\/lk\/wp-json\/wp\/v2\/pages\/368?sort=date-desc\">Nejnov\u011bj\u0161\u00ed<\/a>\r\n\t\t\t\t\t\t\t\t<a class=\"directorist-dropdown__links--single directorist-dropdown__links--single-js \" data=\"\/subdom\/lk\/wp-json\/wp\/v2\/pages\/368?sort=rand\">N\u00e1hodn\u011b<\/a>\r\n\t\t\t\t\t\t<\/form>\r\n\r\n\t<\/div>\r\n\r\n<\/div>\t\t\t\t<\/div>\r\n\r\n\t\t\t\r\n\t\t<\/div>\r\n\r\n\t\t\t\t\t<div class=\"directorist-search-slide\">\r\n\t\t\t\t\r\n\r\n<div class=\"directorist-archive-adv-filter directorist-advanced-filter\">\r\n\t<form action=\"https:\/\/lk.regionalnidobrovolnickecentrum.cz\/subdom\/lk\/search-result\/\" class=\"directorist-advanced-filter__form\">\r\n\t\t<input type=\"hidden\" name='directory_type' value='general'>\r\n\t\t<div class=\"directorist-advanced-filter__basic\">\r\n\t\t\t\t\t\t\t<div class=\"directorist-advanced-filter__basic--element\"><div class=\"directorist-search-field\">\r\n\t<div class=\"directorist-select directorist-search-category\" id=\"directorist-search-category-js\">\r\n\r\n\t\t<select name=\"in_cat\" id=\"cat-type\" class=\"directory_field bdas-category-search\"  data-isSearch=\"true\">\r\n\r\n\t\t\t<option value=\"\">Vyberte typ organizace<\/option>\r\n\r\n\t\t\t<option value=\"31\" >Organizace p\u0159ij\u00edmaj\u00edc\u00ed dobrovoln\u00edky ve spolupr\u00e1ci s jin\u00fdmi organizacemi<\/option><option value=\"32\" >Organizace vys\u00edlaj\u00edc\u00ed dobrovoln\u00edky do jin\u00fdch organizac\u00ed nebo program\u016f<\/option><option value=\"33\" >Organizace, kter\u00e9 zaji\u0161\u0165uj\u00ed dobrovoln\u00edky pro svou vlastn\u00ed pot\u0159ebu a vyu\u017e\u00edvaj\u00ed je pro sv\u00e9 dobrovolnick\u00e9 programy<\/option><option value=\"30\" >Ostatn\u00ed dobrovolnick\u00e9 programy<\/option>\t\t\t\r\n\t\t<\/select>\r\n\r\n\t<\/div>\r\n<\/div><\/div>\r\n\t\t\t\t\t\t\t<div class=\"directorist-advanced-filter__basic--element\">\r\n\t<div class=\"directorist-search-field directorist-form-group directorist-icon-left\">\r\n\t\t<span class=\"directorist-input-icon directorist-filter-location-icon\"><span class=\"la la-crosshairs\"><\/span><\/span>\r\n\t\t<input type=\"text\" name=\"address\" id=\"address\" value=\"\" placeholder=\"Vyberte lokalitu dle okresu\" autocomplete=\"off\" class=\"directorist-form-element location-name\" >\r\n\t\t\r\n\t\t<div class=\"address_result\" style=\"display: none\"><\/div>\r\n\t\t<input type=\"hidden\" id=\"cityLat\" name=\"cityLat\" value=\"\" \/>\r\n\t\t<input type=\"hidden\" id=\"cityLng\" name=\"cityLng\" value=\"\" \/>\r\n\t<\/div>\r\n\t\r\n\t<\/div>\r\n\t\t\t\t\t<\/div>\r\n\r\n\t\t<div class=\"directorist-advanced-filter__advanced\">\r\n\t\t\t\t\t\t\t<div class=\"directorist-form-group directorist-advanced-filter__advanced--element directorist-advanced-filter__advanced--tag\">\r\n<div class=\"directorist-search-field\">\r\n\r\n\t\t\t<label>Tag<\/label>\r\n\t\r\n\t<div class=\"directorist-search-tags directorist-flex\">\r\n\t\t\r\n\t\t\t<div class=\"directorist-checkbox directorist-checkbox-primary\">\r\n\t\t\t\t<input type=\"checkbox\" name=\"in_tag[]\" value=\"34\" id=\"117892393634\" >\r\n\t\t\t\t<label for=\"117892393634\" class=\"directorist-checkbox__label\">dobrovolnictv\u00ed firem<\/label>\r\n\t\t\t<\/div>\r\n\r\n\t\t\t\r\n\t\t\t<div class=\"directorist-checkbox directorist-checkbox-primary\">\r\n\t\t\t\t<input type=\"checkbox\" name=\"in_tag[]\" value=\"36\" id=\"117892393636\" >\r\n\t\t\t\t<label for=\"117892393636\" class=\"directorist-checkbox__label\">komunitn\u00ed dobrovolnictv\u00ed<\/label>\r\n\t\t\t<\/div>\r\n\r\n\t\t\t\r\n\t\t\t<div class=\"directorist-checkbox directorist-checkbox-primary\">\r\n\t\t\t\t<input type=\"checkbox\" name=\"in_tag[]\" value=\"38\" id=\"117892393638\" >\r\n\t\t\t\t<label for=\"117892393638\" class=\"directorist-checkbox__label\">p\u0159i mimo\u0159\u00e1dn\u00fdch ud\u00e1lostech<\/label>\r\n\t\t\t<\/div>\r\n\r\n\t\t\t\r\n\t\t\t<div class=\"directorist-checkbox directorist-checkbox-primary\">\r\n\t\t\t\t<input type=\"checkbox\" name=\"in_tag[]\" value=\"39\" id=\"117892393639\" >\r\n\t\t\t\t<label for=\"117892393639\" class=\"directorist-checkbox__label\">s d\u011btmi a ml\u00e1de\u017e\u00ed<\/label>\r\n\t\t\t<\/div>\r\n\r\n\t\t\t\r\n\t\t\t<div class=\"directorist-checkbox directorist-checkbox-primary\">\r\n\t\t\t\t<input type=\"checkbox\" name=\"in_tag[]\" value=\"40\" id=\"117892393640\" >\r\n\t\t\t\t<label for=\"117892393640\" class=\"directorist-checkbox__label\">v ekologii<\/label>\r\n\t\t\t<\/div>\r\n\r\n\t\t\t\r\n\t\t\t<div class=\"directorist-checkbox directorist-checkbox-primary\">\r\n\t\t\t\t<input type=\"checkbox\" name=\"in_tag[]\" value=\"41\" id=\"117892393641\" >\r\n\t\t\t\t<label for=\"117892393641\" class=\"directorist-checkbox__label\">v kultu\u0159e<\/label>\r\n\t\t\t<\/div>\r\n\r\n\t\t\t\r\n\t\t\t<div class=\"directorist-checkbox directorist-checkbox-primary\">\r\n\t\t\t\t<input type=\"checkbox\" name=\"in_tag[]\" value=\"42\" id=\"117892393642\" >\r\n\t\t\t\t<label for=\"117892393642\" class=\"directorist-checkbox__label\">v preventivn\u00edch programech<\/label>\r\n\t\t\t<\/div>\r\n\r\n\t\t\t\r\n\t\t\t<div class=\"directorist-checkbox directorist-checkbox-primary\">\r\n\t\t\t\t<input type=\"checkbox\" name=\"in_tag[]\" value=\"43\" id=\"117892393643\" >\r\n\t\t\t\t<label for=\"117892393643\" class=\"directorist-checkbox__label\">v soci\u00e1ln\u00edch slu\u017eb\u00e1ch<\/label>\r\n\t\t\t<\/div>\r\n\r\n\t\t\t\r\n\t\t\t<div class=\"directorist-checkbox directorist-checkbox-primary\">\r\n\t\t\t\t<input type=\"checkbox\" name=\"in_tag[]\" value=\"44\" id=\"117892393644\" >\r\n\t\t\t\t<label for=\"117892393644\" class=\"directorist-checkbox__label\">ve sportu<\/label>\r\n\t\t\t<\/div>\r\n\r\n\t\t\t\r\n\t\t\t<div class=\"directorist-checkbox directorist-checkbox-primary\">\r\n\t\t\t\t<input type=\"checkbox\" name=\"in_tag[]\" value=\"45\" id=\"117892393645\" >\r\n\t\t\t\t<label for=\"117892393645\" class=\"directorist-checkbox__label\">ve zdravotnictv\u00ed<\/label>\r\n\t\t\t<\/div>\r\n\r\n\t\t\t\t<\/div>\r\n\t<a href=\"#\" class=\"directorist-btn-ml\">Show More<\/a>\r\n\r\n<\/div><\/div>\r\n\t\t\t\t\t<\/div>\r\n\r\n\t\t\r\n<div class=\"directorist-advanced-filter__action directorist-flex directorist-justify-content-end\">\r\n\t\r\n\t\t\t<a href=\"#\" class=\"directorist-btn directorist-btn-sm directorist-btn-outline-dark\" id=\"atbdp_reset\">ZRU\u0160IT NASTAVEN\u00c9 ZAD\u00c1N\u00cd<\/a>\r\n\t\r\n\t\t\t<button type=\"submit\" class=\"directorist-btn directorist-btn-sm directorist-btn-dark\">VYHLEDAT DLE ZAD\u00c1N\u00cd<\/button>\r\n\t\r\n<\/div>\t\t\r\n\t<\/form>\r\n<\/div>\t\t\t<\/div>\r\n\t\t\r\n\t<\/div>\r\n\r\n<\/div>\r\n<div class=\"directorist-archive-grid-view\">\r\n\r\n\t\r\n\t<div class=\"directorist-container-fluid\">\r\n\r\n\t\t\r\n\t\t\t<div class=\"directorist-row\">\r\n\r\n\t\t\t\t\r\n\t\t\t\t\t<div class=\"directorist-col-6 directorist-all-listing-col\">\r\n\t\t\t\t\t\t\r\n<div class=\"directorist-listing-single directorist-listing-card directorist-listing-no-thumb directorist-single-line\">\r\n\r\n\t<div class=\"directorist-listing-single__header\">\r\n\r\n\t\t<div class=\"directorist-listing-single__header__left\">\r\n\t\t\t\r\n\t\t\t<div class=\"directorist-listing-single__title\">\r\n<h4 class=\"directorist-listing-title\"><a href=\"https:\/\/lk.regionalnidobrovolnickecentrum.cz\/subdom\/lk\/directory\/adra-o-p-s-ceska-lipa\/\">ADRA, o.p.s. \u010cesk\u00e1 L\u00edpa<\/a><\/h4><\/div>\r\n\t\t<\/div>\r\n\r\n\t\t<div class=\"directorist-listing-single__header__right\">\r\n\t\t\t<div class=\"directorist-listing-single__action\"><\/div>\r\n\t\t<\/div>\r\n\t\t\r\n\t<\/div>\r\n\r\n\t<div class=\"directorist-listing-single__info\"><\/div>\r\n\r\n\t<div class=\"directorist-listing-single__content\">\r\n\r\n\t\t<div class=\"directorist-listing-single__content__body\">\r\n\t\t\t<div class=\"directorist-listing-single__info--list\"><ul><li>\r\n<div class=\"directorist-listing-card-location\">\r\n    <i class=\"directorist-icon las la-map-marker\"><\/i>    <div class=\"directorist-listing-card-location-list\">\r\n        <a href='https:\/\/lk.regionalnidobrovolnickecentrum.cz\/subdom\/lk\/single-location\/ceska-lipa\/'>\u010cesk\u00e1 L\u00edpa<\/a>    <\/div>\r\n<\/div><\/li><li><\/li><li><\/li><\/ul><\/div>\r\n\t\t\t<div class=\"directorist-listing-single__info--excerpt\"><\/div>\r\n\t\t<\/div>\r\n\r\n\t\t<div class=\"directorist-listing-single__meta\">\r\n\t\t\t<div class=\"directorist-listing-single__meta--left\">\r\n<div class=\"directorist-listing-category\">\r\n\t\t\t<a href=\"https:\/\/lk.regionalnidobrovolnickecentrum.cz\/subdom\/lk\/single-category\/vysilajici-organizace\/\"><span class=\"la la none\"><\/span>Organizace vys\u00edlaj\u00edc\u00ed dobrovoln\u00edky do jin\u00fdch organizac\u00ed nebo program\u016f<\/a>\r\n\t\t<\/div><\/div>\r\n\t\t\t<div class=\"directorist-listing-single__meta--right\"><\/div>\r\n\t\t<\/div>\r\n\r\n\t<\/div>\r\n\r\n<\/div>\t\t\t\t\t<\/div>\r\n\r\n\t\t\t\t\r\n\t\t\t\t\t<div class=\"directorist-col-6 directorist-all-listing-col\">\r\n\t\t\t\t\t\t\r\n<div class=\"directorist-listing-single directorist-listing-card directorist-listing-no-thumb directorist-single-line\">\r\n\r\n\t<div class=\"directorist-listing-single__header\">\r\n\r\n\t\t<div class=\"directorist-listing-single__header__left\">\r\n\t\t\t\r\n\t\t\t<div class=\"directorist-listing-single__title\">\r\n<h4 class=\"directorist-listing-title\"><a href=\"https:\/\/lk.regionalnidobrovolnickecentrum.cz\/subdom\/lk\/directory\/centrum-amelie-liberec\/\">CENTRUM AMELIE LIBEREC<\/a><\/h4><\/div>\r\n\t\t<\/div>\r\n\r\n\t\t<div class=\"directorist-listing-single__header__right\">\r\n\t\t\t<div class=\"directorist-listing-single__action\"><\/div>\r\n\t\t<\/div>\r\n\t\t\r\n\t<\/div>\r\n\r\n\t<div class=\"directorist-listing-single__info\"><\/div>\r\n\r\n\t<div class=\"directorist-listing-single__content\">\r\n\r\n\t\t<div class=\"directorist-listing-single__content__body\">\r\n\t\t\t<div class=\"directorist-listing-single__info--list\"><ul><li>\r\n<div class=\"directorist-listing-card-location\">\r\n    <i class=\"directorist-icon las la-map-marker\"><\/i>    <div class=\"directorist-listing-card-location-list\">\r\n        <a href='https:\/\/lk.regionalnidobrovolnickecentrum.cz\/subdom\/lk\/single-location\/liberec\/'>Liberec<\/a>    <\/div>\r\n<\/div><\/li><li><\/li><li><\/li><\/ul><\/div>\r\n\t\t\t<div class=\"directorist-listing-single__info--excerpt\"><\/div>\r\n\t\t<\/div>\r\n\r\n\t\t<div class=\"directorist-listing-single__meta\">\r\n\t\t\t<div class=\"directorist-listing-single__meta--left\">\r\n<div class=\"directorist-listing-category\">\r\n\t\t\t<a href=\"https:\/\/lk.regionalnidobrovolnickecentrum.cz\/subdom\/lk\/single-category\/organizace-vlastni-dobrovolnici\/\"><span class=\"la la none\"><\/span>Organizace, kter\u00e9 zaji\u0161\u0165uj\u00ed dobrovoln\u00edky pro svou vlastn\u00ed pot\u0159ebu a vyu\u017e\u00edvaj\u00ed je pro sv\u00e9 dobrovolnick\u00e9 programy<\/a>\r\n\t\t<\/div><\/div>\r\n\t\t\t<div class=\"directorist-listing-single__meta--right\"><\/div>\r\n\t\t<\/div>\r\n\r\n\t<\/div>\r\n\r\n<\/div>\t\t\t\t\t<\/div>\r\n\r\n\t\t\t\t\r\n\t\t\t\t\t<div class=\"directorist-col-6 directorist-all-listing-col\">\r\n\t\t\t\t\t\t\r\n<div class=\"directorist-listing-single directorist-listing-card directorist-listing-no-thumb directorist-single-line\">\r\n\r\n\t<div class=\"directorist-listing-single__header\">\r\n\r\n\t\t<div class=\"directorist-listing-single__header__left\">\r\n\t\t\t\r\n\t\t\t<div class=\"directorist-listing-single__title\">\r\n<h4 class=\"directorist-listing-title\"><a href=\"https:\/\/lk.regionalnidobrovolnickecentrum.cz\/subdom\/lk\/directory\/centrum-lira-z-u\/\">Centrum LIRA, z. \u00fa.<\/a><\/h4><\/div>\r\n\t\t<\/div>\r\n\r\n\t\t<div class=\"directorist-listing-single__header__right\">\r\n\t\t\t<div class=\"directorist-listing-single__action\"><\/div>\r\n\t\t<\/div>\r\n\t\t\r\n\t<\/div>\r\n\r\n\t<div class=\"directorist-listing-single__info\"><\/div>\r\n\r\n\t<div class=\"directorist-listing-single__content\">\r\n\r\n\t\t<div class=\"directorist-listing-single__content__body\">\r\n\t\t\t<div class=\"directorist-listing-single__info--list\"><ul><li>\r\n<div class=\"directorist-listing-card-location\">\r\n    <i class=\"directorist-icon las la-map-marker\"><\/i>    <div class=\"directorist-listing-card-location-list\">\r\n        <a href='https:\/\/lk.regionalnidobrovolnickecentrum.cz\/subdom\/lk\/single-location\/liberec\/'>Liberec<\/a>    <\/div>\r\n<\/div><\/li><li><\/li><li><\/li><\/ul><\/div>\r\n\t\t\t<div class=\"directorist-listing-single__info--excerpt\"><\/div>\r\n\t\t<\/div>\r\n\r\n\t\t<div class=\"directorist-listing-single__meta\">\r\n\t\t\t<div class=\"directorist-listing-single__meta--left\">\r\n<div class=\"directorist-listing-category\">\r\n\t\t\t<a href=\"https:\/\/lk.regionalnidobrovolnickecentrum.cz\/subdom\/lk\/single-category\/organizace-vlastni-dobrovolnici\/\"><span class=\"la la none\"><\/span>Organizace, kter\u00e9 zaji\u0161\u0165uj\u00ed dobrovoln\u00edky pro svou vlastn\u00ed pot\u0159ebu a vyu\u017e\u00edvaj\u00ed je pro sv\u00e9 dobrovolnick\u00e9 programy<\/a>\r\n\t\t<\/div><\/div>\r\n\t\t\t<div class=\"directorist-listing-single__meta--right\"><\/div>\r\n\t\t<\/div>\r\n\r\n\t<\/div>\r\n\r\n<\/div>\t\t\t\t\t<\/div>\r\n\r\n\t\t\t\t\r\n\t\t\t\t\t<div class=\"directorist-col-6 directorist-all-listing-col\">\r\n\t\t\t\t\t\t\r\n<div class=\"directorist-listing-single directorist-listing-card directorist-listing-no-thumb directorist-single-line\">\r\n\r\n\t<div class=\"directorist-listing-single__header\">\r\n\r\n\t\t<div class=\"directorist-listing-single__header__left\">\r\n\t\t\t\r\n\t\t\t<div class=\"directorist-listing-single__title\">\r\n<h4 class=\"directorist-listing-title\"><a href=\"https:\/\/lk.regionalnidobrovolnickecentrum.cz\/subdom\/lk\/directory\/centrum-pro-integraci-cizincu-o-p-s\/\">Centrum pro integraci cizinc\u016f, o. p. s.<\/a><\/h4><\/div>\r\n\t\t<\/div>\r\n\r\n\t\t<div class=\"directorist-listing-single__header__right\">\r\n\t\t\t<div class=\"directorist-listing-single__action\"><\/div>\r\n\t\t<\/div>\r\n\t\t\r\n\t<\/div>\r\n\r\n\t<div class=\"directorist-listing-single__info\"><\/div>\r\n\r\n\t<div class=\"directorist-listing-single__content\">\r\n\r\n\t\t<div class=\"directorist-listing-single__content__body\">\r\n\t\t\t<div class=\"directorist-listing-single__info--list\"><ul><li>\r\n<div class=\"directorist-listing-card-location\">\r\n    <i class=\"directorist-icon las la-map-marker\"><\/i>    <div class=\"directorist-listing-card-location-list\">\r\n        <a href='https:\/\/lk.regionalnidobrovolnickecentrum.cz\/subdom\/lk\/single-location\/jablonec-nad-nisou\/'>Jablonec nad Nisou<\/a>, <a href='https:\/\/lk.regionalnidobrovolnickecentrum.cz\/subdom\/lk\/single-location\/liberec\/'>Liberec<\/a>, <a href='https:\/\/lk.regionalnidobrovolnickecentrum.cz\/subdom\/lk\/single-location\/semily\/'>Semily<\/a>, <a href='https:\/\/lk.regionalnidobrovolnickecentrum.cz\/subdom\/lk\/single-location\/turnov\/'>Turnov<\/a>    <\/div>\r\n<\/div><\/li><li><\/li><li><\/li><\/ul><\/div>\r\n\t\t\t<div class=\"directorist-listing-single__info--excerpt\"><\/div>\r\n\t\t<\/div>\r\n\r\n\t\t<div class=\"directorist-listing-single__meta\">\r\n\t\t\t<div class=\"directorist-listing-single__meta--left\">\r\n<div class=\"directorist-listing-category\">\r\n\t\t\t<a href=\"https:\/\/lk.regionalnidobrovolnickecentrum.cz\/subdom\/lk\/single-category\/prijimajici-organizace\/\"><span class=\"la la none\"><\/span>Organizace p\u0159ij\u00edmaj\u00edc\u00ed dobrovoln\u00edky ve spolupr\u00e1ci s jin\u00fdmi organizacemi<\/a>\r\n\t\t\t\t\t<div class=\"directorist-listing-category__popup\">\r\n\t\t\t\t<span class=\"directorist-listing-category__extran-count\">+1<\/span>\r\n\t\t\t\t<div class=\"directorist-listing-category__popup__content\">\r\n\t\t\t\t\t<a href='https:\/\/lk.regionalnidobrovolnickecentrum.cz\/subdom\/lk\/single-category\/organizace-vlastni-dobrovolnici\/'><span class=\"la la none\"><\/span> Organizace, kter\u00e9 zaji\u0161\u0165uj\u00ed dobrovoln\u00edky pro svou vlastn\u00ed pot\u0159ebu a vyu\u017e\u00edvaj\u00ed je pro sv\u00e9 dobrovolnick\u00e9 programy<\/a>\t\t\t\t<\/div>\r\n\r\n\t\t\t<\/div>\r\n\t\t\t<\/div><\/div>\r\n\t\t\t<div class=\"directorist-listing-single__meta--right\"><\/div>\r\n\t\t<\/div>\r\n\r\n\t<\/div>\r\n\r\n<\/div>\t\t\t\t\t<\/div>\r\n\r\n\t\t\t\t\r\n\t\t\t\t\t<div class=\"directorist-col-6 directorist-all-listing-col\">\r\n\t\t\t\t\t\t\r\n<div class=\"directorist-listing-single directorist-listing-card directorist-listing-no-thumb directorist-single-line\">\r\n\r\n\t<div class=\"directorist-listing-single__header\">\r\n\r\n\t\t<div class=\"directorist-listing-single__header__left\">\r\n\t\t\t\r\n\t\t\t<div class=\"directorist-listing-single__title\">\r\n<h4 class=\"directorist-listing-title\"><a href=\"https:\/\/lk.regionalnidobrovolnickecentrum.cz\/subdom\/lk\/directory\/centrum-pro-rodinu-naruc-z-u\/\">Centrum pro rodinu N\u00e1ru\u010d, z.\u00fa.<\/a><\/h4><\/div>\r\n\t\t<\/div>\r\n\r\n\t\t<div class=\"directorist-listing-single__header__right\">\r\n\t\t\t<div class=\"directorist-listing-single__action\"><\/div>\r\n\t\t<\/div>\r\n\t\t\r\n\t<\/div>\r\n\r\n\t<div class=\"directorist-listing-single__info\"><\/div>\r\n\r\n\t<div class=\"directorist-listing-single__content\">\r\n\r\n\t\t<div class=\"directorist-listing-single__content__body\">\r\n\t\t\t<div class=\"directorist-listing-single__info--list\"><ul><li>\r\n<div class=\"directorist-listing-card-location\">\r\n    <i class=\"directorist-icon las la-map-marker\"><\/i>    <div class=\"directorist-listing-card-location-list\">\r\n        <a href='https:\/\/lk.regionalnidobrovolnickecentrum.cz\/subdom\/lk\/single-location\/turnov\/'>Turnov<\/a>    <\/div>\r\n<\/div><\/li><li><\/li><li><\/li><\/ul><\/div>\r\n\t\t\t<div class=\"directorist-listing-single__info--excerpt\"><\/div>\r\n\t\t<\/div>\r\n\r\n\t\t<div class=\"directorist-listing-single__meta\">\r\n\t\t\t<div class=\"directorist-listing-single__meta--left\">\r\n<div class=\"directorist-listing-category\">\r\n\t\t\t<a href=\"https:\/\/lk.regionalnidobrovolnickecentrum.cz\/subdom\/lk\/single-category\/organizace-vlastni-dobrovolnici\/\"><span class=\"la la none\"><\/span>Organizace, kter\u00e9 zaji\u0161\u0165uj\u00ed dobrovoln\u00edky pro svou vlastn\u00ed pot\u0159ebu a vyu\u017e\u00edvaj\u00ed je pro sv\u00e9 dobrovolnick\u00e9 programy<\/a>\r\n\t\t<\/div><\/div>\r\n\t\t\t<div class=\"directorist-listing-single__meta--right\"><\/div>\r\n\t\t<\/div>\r\n\r\n\t<\/div>\r\n\r\n<\/div>\t\t\t\t\t<\/div>\r\n\r\n\t\t\t\t\r\n\t\t\t\t\t<div class=\"directorist-col-6 directorist-all-listing-col\">\r\n\t\t\t\t\t\t\r\n<div class=\"directorist-listing-single directorist-listing-card directorist-listing-no-thumb directorist-single-line\">\r\n\r\n\t<div class=\"directorist-listing-single__header\">\r\n\r\n\t\t<div class=\"directorist-listing-single__header__left\">\r\n\t\t\t\r\n\t\t\t<div class=\"directorist-listing-single__title\">\r\n<h4 class=\"directorist-listing-title\"><a href=\"https:\/\/lk.regionalnidobrovolnickecentrum.cz\/subdom\/lk\/directory\/centrum-protez\/\">Centrum Prot\u011b\u017e, z. \u00fa.<\/a><\/h4><\/div>\r\n\t\t<\/div>\r\n\r\n\t\t<div class=\"directorist-listing-single__header__right\">\r\n\t\t\t<div class=\"directorist-listing-single__action\"><\/div>\r\n\t\t<\/div>\r\n\t\t\r\n\t<\/div>\r\n\r\n\t<div class=\"directorist-listing-single__info\"><\/div>\r\n\r\n\t<div class=\"directorist-listing-single__content\">\r\n\r\n\t\t<div class=\"directorist-listing-single__content__body\">\r\n\t\t\t<div class=\"directorist-listing-single__info--list\"><ul><li>\r\n<div class=\"directorist-listing-card-location\">\r\n    <i class=\"directorist-icon las la-map-marker\"><\/i>    <div class=\"directorist-listing-card-location-list\">\r\n        <a href='https:\/\/lk.regionalnidobrovolnickecentrum.cz\/subdom\/lk\/single-location\/jablonec-nad-nisou\/'>Jablonec nad Nisou<\/a>, <a href='https:\/\/lk.regionalnidobrovolnickecentrum.cz\/subdom\/lk\/single-location\/liberec\/'>Liberec<\/a>    <\/div>\r\n<\/div><\/li><li><\/li><li><\/li><\/ul><\/div>\r\n\t\t\t<div class=\"directorist-listing-single__info--excerpt\"><\/div>\r\n\t\t<\/div>\r\n\r\n\t\t<div class=\"directorist-listing-single__meta\">\r\n\t\t\t<div class=\"directorist-listing-single__meta--left\">\r\n<div class=\"directorist-listing-category\">\r\n\t\t\t<a href=\"https:\/\/lk.regionalnidobrovolnickecentrum.cz\/subdom\/lk\/single-category\/organizace-vlastni-dobrovolnici\/\"><span class=\"la la none\"><\/span>Organizace, kter\u00e9 zaji\u0161\u0165uj\u00ed dobrovoln\u00edky pro svou vlastn\u00ed pot\u0159ebu a vyu\u017e\u00edvaj\u00ed je pro sv\u00e9 dobrovolnick\u00e9 programy<\/a>\r\n\t\t<\/div><\/div>\r\n\t\t\t<div class=\"directorist-listing-single__meta--right\"><\/div>\r\n\t\t<\/div>\r\n\r\n\t<\/div>\r\n\r\n<\/div>\t\t\t\t\t<\/div>\r\n\r\n\t\t\t\t\r\n\t\t\t<\/div>\r\n\r\n\t\t\t\r\n\t\t\t<div class=\"directorist-pagination\"><span aria-current=\"page\" class=\"page-numbers current\">1<\/span>\n<a class=\"page-numbers\" href=\"https:\/\/lk.regionalnidobrovolnickecentrum.cz\/subdom\/lk\/wp-json\/wp\/v2\/pages\/368\/page\/2\/\">2<\/a>\n<a class=\"page-numbers\" href=\"https:\/\/lk.regionalnidobrovolnickecentrum.cz\/subdom\/lk\/wp-json\/wp\/v2\/pages\/368\/page\/3\/\">3<\/a>\n<span class=\"page-numbers dots\">&hellip;<\/span>\n<a class=\"page-numbers\" href=\"https:\/\/lk.regionalnidobrovolnickecentrum.cz\/subdom\/lk\/wp-json\/wp\/v2\/pages\/368\/page\/6\/\">6<\/a>\n<a class=\"next page-numbers\" href=\"https:\/\/lk.regionalnidobrovolnickecentrum.cz\/subdom\/lk\/wp-json\/wp\/v2\/pages\/368\/page\/2\/\"><span class=\"fa fa-chevron-right atbdp_right_nav\"><\/span><\/a><\/div>\r\n\t\t\t\r\n\t\t\r\n\t<\/div>\r\n\r\n<\/div>\r\n<\/div>\n<p>&nbsp;<\/p>\n<p><a href=\"https:\/\/lk.regionalnidobrovolnickecentrum.cz\/add-listing\/\">P\u0159idejte<\/a> i va\u0161i dobrovolnickou organizaci nebo program do region\u00e1ln\u00ed datab\u00e1ze.<\/p>\n<p>&nbsp;<\/p>\n<p>&nbsp;<\/p>\n<p><img loading=\"lazy\" decoding=\"async\" class=\"size-full wp-image-2665 aligncenter\" src=\"https:\/\/lk.regionalnidobrovolnickecentrum.cz\/subdom\/lk\/wp-content\/uploads\/2020\/07\/RDC-loga-lista.jpg\" alt=\"\" width=\"900\" height=\"184\" srcset=\"https:\/\/lk.regionalnidobrovolnickecentrum.cz\/subdom\/lk\/wp-content\/uploads\/2020\/07\/RDC-loga-lista.jpg 900w, https:\/\/lk.regionalnidobrovolnickecentrum.cz\/subdom\/lk\/wp-content\/uploads\/2020\/07\/RDC-loga-lista-300x61.jpg 300w, https:\/\/lk.regionalnidobrovolnickecentrum.cz\/subdom\/lk\/wp-content\/uploads\/2020\/07\/RDC-loga-lista-768x157.jpg 768w\" sizes=\"(max-width: 900px) 100vw, 900px\" \/><\/p>\n<div class=\"widget_sp_image-description\">\n<p style=\"text-align: center;\">&nbsp;<\/p>\n<\/div>\n","protected":false},"excerpt":{"rendered":"<p>&nbsp; P\u0159idejte i va\u0161i dobrovolnickou organizaci nebo program do region\u00e1ln\u00ed datab\u00e1ze. &nbsp; &nbsp; &nbsp;<\/p>\n","protected":false},"author":1,"featured_media":0,"parent":0,"menu_order":0,"comment_status":"closed","ping_status":"closed","template":"","meta":{"om_disable_all_campaigns":false,"_monsterinsights_skip_tracking":false,"_monsterinsights_sitenote_active":false,"_monsterinsights_sitenote_note":"","_monsterinsights_sitenote_category":0,"footnotes":""},"aioseo_notices":[],"_links":{"self":[{"href":"https:\/\/lk.regionalnidobrovolnickecentrum.cz\/subdom\/lk\/wp-json\/wp\/v2\/pages\/368"}],"collection":[{"href":"https:\/\/lk.regionalnidobrovolnickecentrum.cz\/subdom\/lk\/wp-json\/wp\/v2\/pages"}],"about":[{"href":"https:\/\/lk.regionalnidobrovolnickecentrum.cz\/subdom\/lk\/wp-json\/wp\/v2\/types\/page"}],"author":[{"embeddable":true,"href":"https:\/\/lk.regionalnidobrovolnickecentrum.cz\/subdom\/lk\/wp-json\/wp\/v2\/users\/1"}],"replies":[{"embeddable":true,"href":"https:\/\/lk.regionalnidobrovolnickecentrum.cz\/subdom\/lk\/wp-json\/wp\/v2\/comments?post=368"}],"version-history":[{"count":7,"href":"https:\/\/lk.regionalnidobrovolnickecentrum.cz\/subdom\/lk\/wp-json\/wp\/v2\/pages\/368\/revisions"}],"predecessor-version":[{"id":2666,"href":"https:\/\/lk.regionalnidobrovolnickecentrum.cz\/subdom\/lk\/wp-json\/wp\/v2\/pages\/368\/revisions\/2666"}],"wp:attachment":[{"href":"https:\/\/lk.regionalnidobrovolnickecentrum.cz\/subdom\/lk\/wp-json\/wp\/v2\/media?parent=368"}],"curies":[{"name":"wp","href":"https:\/\/api.w.org\/{rel}","templated":true}]}}